{"id":143,"date":"2023-10-16T10:39:05","date_gmt":"2023-10-16T08:39:05","guid":{"rendered":"https:\/\/stajanhanv.com\/?page_id=143"},"modified":"2025-12-03T18:26:26","modified_gmt":"2025-12-03T17:26:26","slug":"restauration","status":"publish","type":"page","link":"https:\/\/stajanhanv.com\/index.php\/restauration\/","title":{"rendered":"Restauration"},"content":{"rendered":"\n<p>Tout au long du stage, une restauration vous sera propos\u00e9e midi et soir sur le site du dojo, \u00e0 tarif unique pour pratiquants et accompagnants.<\/p>\n\n\n\n<p>Afin que nos prestataires puissent pr\u00e9voir au mieux leurs quantit\u00e9s, <strong>les repas sont \u00e0 r\u00e9server imp\u00e9rativement lors de votre inscription : aucun repas ne pourra \u00eatre rajout\u00e9 une fois les inscriptions closes<\/strong>.<\/p>\n\n\n\n<p>Au programme :<\/p>\n\n\n\n<ul class=\"wp-block-list\">\n<li>Mardi 15, repas du soir : 15 \u20ac<\/li>\n\n\n\n<li>Mercredi 16, repas du midi : 15 \u20ac<\/li>\n\n\n\n<li>Mercredi 16, buffet du soir et sc\u00e8ne ouverte : 17 \u20ac<\/li>\n\n\n\n<li>Jeudi 17, repas du midi : 15 \u20ac<\/li>\n\n\n\n<li>Jeudi 17, soir\u00e9e bretonne : galettes, cr\u00eapes et musique live : 30 \u20ac<\/li>\n\n\n\n<li>Vendredi 18, pique-nique : 15 \u20ac<\/li>\n\n\n\n<li>Vendredi 18, repas du soir : 15 \u20ac<\/li>\n\n\n\n<li>Samedi 19, repas du midi : 15 \u20ac<\/li>\n\n\n\n<li>Samedi, soir\u00e9e festive : repas et concert avec le groupe Freesong : 30 \u20ac<\/li>\n\n\n\n<li>Dimanche 20, repas du midi : 15 \u20ac<\/li>\n<\/ul>\n","protected":false},"excerpt":{"rendered":"<p>Tout au long du stage, une restauration vous sera propos\u00e9e midi et soir sur le site du dojo, \u00e0 tarif unique pour pratiquants et accompagnants. Afin que nos prestataires puissent pr\u00e9voir au mieux leurs quantit\u00e9s, les repas sont \u00e0 r\u00e9server imp\u00e9rativement lors de votre inscription : aucun repas ne pourra \u00eatre rajout\u00e9 une fois les &hellip; <\/p>\n<p class=\"link-more\"><a href=\"https:\/\/stajanhanv.com\/index.php\/restauration\/\" class=\"more-link\">Continue reading<span class=\"screen-reader-text\"> &#8220;Restauration&#8221;<\/span><\/a><\/p>\n","protected":false},"author":1,"featured_media":0,"parent":0,"menu_order":0,"comment_status":"closed","ping_status":"closed","template":"","meta":{"footnotes":""},"class_list":["post-143","page","type-page","status-publish","hentry"],"_links":{"self":[{"href":"https:\/\/stajanhanv.com\/index.php\/wp-json\/wp\/v2\/pages\/143","targetHints":{"allow":["GET"]}}],"collection":[{"href":"https:\/\/stajanhanv.com\/index.php\/wp-json\/wp\/v2\/pages"}],"about":[{"href":"https:\/\/stajanhanv.com\/index.php\/wp-json\/wp\/v2\/types\/page"}],"author":[{"embeddable":true,"href":"https:\/\/stajanhanv.com\/index.php\/wp-json\/wp\/v2\/users\/1"}],"replies":[{"embeddable":true,"href":"https:\/\/stajanhanv.com\/index.php\/wp-json\/wp\/v2\/comments?post=143"}],"version-history":[{"count":4,"href":"https:\/\/stajanhanv.com\/index.php\/wp-json\/wp\/v2\/pages\/143\/revisions"}],"predecessor-version":[{"id":740,"href":"https:\/\/stajanhanv.com\/index.php\/wp-json\/wp\/v2\/pages\/143\/revisions\/740"}],"wp:attachment":[{"href":"https:\/\/stajanhanv.com\/index.php\/wp-json\/wp\/v2\/media?parent=143"}],"curies":[{"name":"wp","href":"https:\/\/api.w.org\/{rel}","templated":true}]}}